{"id":2637,"date":"2024-07-09T17:35:41","date_gmt":"2024-07-09T15:35:41","guid":{"rendered":"http:\/\/hotel-grischuna.ch\/contact\/"},"modified":"2025-10-01T21:35:28","modified_gmt":"2025-10-01T19:35:28","slug":"contact","status":"publish","type":"page","link":"https:\/\/hotel-grischuna.ch\/fr\/contact\/","title":{"rendered":"Contact"},"content":{"rendered":"\t\t<div data-elementor-type=\"wp-page\" data-elementor-id=\"2637\" class=\"elementor elementor-2637 elementor-396\" data-elementor-post-type=\"page\">\n\t\t\t\t<div class=\"elementor-element elementor-element-1afc1cf e-flex e-con-boxed e-con e-parent\" data-id=\"1afc1cf\" data-element_type=\"container\" data-e-type=\"container\" data-settings=\"{&quot;background_background&quot;:&quot;classic&quot;}\">\n\t\t\t\t\t<div class=\"e-con-inner\">\n\t\t\t\t<div class=\"elementor-element elementor-element-9e864f7 animated-slow elementor-invisible elementor-widget elementor-widget-heading\" data-id=\"9e864f7\" data-element_type=\"widget\" data-e-type=\"widget\" data-settings=\"{&quot;_animation&quot;:&quot;fadeInUp&quot;,&quot;_animation_delay&quot;:200}\" data-widget_type=\"heading.default\">\n\t\t\t\t<div class=\"elementor-widget-container\">\n\t\t\t\t\t<h2 class=\"elementor-heading-title elementor-size-default\">Contact.<br>H\u00f4tel Grischuna.<\/h2>\t\t\t\t<\/div>\n\t\t\t\t<\/div>\n\t\t\t\t\t<\/div>\n\t\t\t\t<\/div>\n\t\t<div class=\"elementor-element elementor-element-5ffb234 e-flex e-con-boxed e-con e-parent\" data-id=\"5ffb234\" data-element_type=\"container\" data-e-type=\"container\">\n\t\t\t\t\t<div class=\"e-con-inner\">\n\t\t<div class=\"elementor-element elementor-element-2c00042 animated-slow e-flex e-con-boxed elementor-invisible e-con e-child\" data-id=\"2c00042\" data-element_type=\"container\" data-e-type=\"container\" data-settings=\"{&quot;animation&quot;:&quot;fadeIn&quot;,&quot;animation_delay&quot;:200}\">\n\t\t\t\t\t<div class=\"e-con-inner\">\n\t\t<div class=\"elementor-element elementor-element-f942d11 e-con-full e-flex e-con e-child\" data-id=\"f942d11\" data-element_type=\"container\" data-e-type=\"container\">\n\t\t\t\t<div class=\"elementor-element elementor-element-c335ee2 elementor-invisible elementor-widget elementor-widget-heading\" data-id=\"c335ee2\" data-element_type=\"widget\" data-e-type=\"widget\" data-settings=\"{&quot;_animation&quot;:&quot;fadeInUp&quot;,&quot;_animation_delay&quot;:400}\" data-widget_type=\"heading.default\">\n\t\t\t\t<div class=\"elementor-widget-container\">\n\t\t\t\t\t<h3 class=\"elementor-heading-title elementor-size-default\">H\u00f4tel Grischuna Bivio<\/h3>\t\t\t\t<\/div>\n\t\t\t\t<\/div>\n\t\t\t\t<div class=\"elementor-element elementor-element-9eb68d4 animated-slow elementor-invisible elementor-widget elementor-widget-heading\" data-id=\"9eb68d4\" data-element_type=\"widget\" data-e-type=\"widget\" data-settings=\"{&quot;_animation_delay&quot;:500,&quot;_animation&quot;:&quot;fadeInUp&quot;}\" data-widget_type=\"heading.default\">\n\t\t\t\t<div class=\"elementor-widget-container\">\n\t\t\t\t\t<h2 class=\"elementor-heading-title elementor-size-default\">Contact<\/h2>\t\t\t\t<\/div>\n\t\t\t\t<\/div>\n\t\t\t\t<div class=\"elementor-element elementor-element-5de6820 animated-slow elementor-invisible elementor-widget elementor-widget-text-editor\" data-id=\"5de6820\" data-element_type=\"widget\" data-e-type=\"widget\" data-settings=\"{&quot;_animation&quot;:&quot;fadeIn&quot;,&quot;_animation_delay&quot;:600}\" data-widget_type=\"text-editor.default\">\n\t\t\t\t<div class=\"elementor-widget-container\">\n\t\t\t\t\t\t\t\t\t<p>H\u00f4tel Grischuna<br>Julierstrasse 78 \u2013 CH-7457 Bivio<br>T. +41 (0) 81 659 12 12 \u2013 F. +41 (0)81 659 12 13 \u2013 <a href=\"mailto:info@grischuna-bivio.ch\">info@grischuna-bivio.ch<\/a><\/p>\t\t\t\t\t\t\t\t<\/div>\n\t\t\t\t<\/div>\n\t\t\t\t<\/div>\n\t\t\t\t\t<\/div>\n\t\t\t\t<\/div>\n\t\t\t\t\t<\/div>\n\t\t\t\t<\/div>\n\t\t<div class=\"elementor-element elementor-element-24eb23c e-flex e-con-boxed e-con e-parent\" data-id=\"24eb23c\" data-element_type=\"container\" data-e-type=\"container\" id=\"lage\">\n\t\t\t\t\t<div class=\"e-con-inner\">\n\t\t<div class=\"elementor-element elementor-element-b19d2b9 e-con-full e-flex e-con e-child\" data-id=\"b19d2b9\" data-element_type=\"container\" data-e-type=\"container\">\n\t\t\t\t<div class=\"elementor-element elementor-element-a00476e elementor-widget elementor-widget-heading\" data-id=\"a00476e\" data-element_type=\"widget\" data-e-type=\"widget\" data-widget_type=\"heading.default\">\n\t\t\t\t<div class=\"elementor-widget-container\">\n\t\t\t\t\t<h2 class=\"elementor-heading-title elementor-size-default\">H\u00f4tel Grischuna<\/h2>\t\t\t\t<\/div>\n\t\t\t\t<\/div>\n\t\t\t\t<div class=\"elementor-element elementor-element-da76ba4 elementor-widget elementor-widget-text-editor\" data-id=\"da76ba4\" data-element_type=\"widget\" data-e-type=\"widget\" data-widget_type=\"text-editor.default\">\n\t\t\t\t<div class=\"elementor-widget-container\">\n\t\t\t\t\t\t\t\t\t<p>Julierstrasse 78<br>7457 Bivio<br>Switzerland<\/p><p><strong>T.<\/strong> +41 (0) 81 659 12 12<br><strong>E.<\/strong> <a href=\"mailto:info@grischuna-bivio.ch\">info@grischuna-bivio.ch<\/a><\/p>\t\t\t\t\t\t\t\t<\/div>\n\t\t\t\t<\/div>\n\t\t\t\t<div class=\"elementor-element elementor-element-e7192a7 elementor-align-left animated-slow elementor-invisible elementor-widget elementor-widget-button\" data-id=\"e7192a7\" data-element_type=\"widget\" data-e-type=\"widget\" data-settings=\"{&quot;_animation&quot;:&quot;fadeInUp&quot;,&quot;_animation_delay&quot;:200}\" data-widget_type=\"button.default\">\n\t\t\t\t<div class=\"elementor-widget-container\">\n\t\t\t\t\t\t\t\t\t<div class=\"elementor-button-wrapper\">\n\t\t\t\t\t<a class=\"elementor-button elementor-button-link elementor-size-sm\" href=\"https:\/\/swiss-hotel-supply.ch\/grischuna\/?lang=fr\">\n\t\t\t\t\t\t<span class=\"elementor-button-content-wrapper\">\n\t\t\t\t\t\t\t\t\t<span class=\"elementor-button-text\">Contact pour les entreprises<\/span>\n\t\t\t\t\t<\/span>\n\t\t\t\t\t<\/a>\n\t\t\t\t<\/div>\n\t\t\t\t\t\t\t\t<\/div>\n\t\t\t\t<\/div>\n\t\t\t\t<\/div>\n\t\t<div class=\"elementor-element elementor-element-9edbee1 e-con-full e-flex e-con e-child\" data-id=\"9edbee1\" data-element_type=\"container\" data-e-type=\"container\">\n\t\t\t\t<div class=\"elementor-element elementor-element-4300639 elementor-widget elementor-widget-google_maps\" data-id=\"4300639\" data-element_type=\"widget\" data-e-type=\"widget\" data-widget_type=\"google_maps.default\">\n\t\t\t\t<div class=\"elementor-widget-container\">\n\t\t\t\t\t\t\t<div class=\"elementor-custom-embed\">\n\t\t\t<iframe loading=\"lazy\"\n\t\t\t\t\tsrc=\"https:\/\/maps.google.com\/maps?q=Hotel%20Grischuna%20Bivio&#038;t=m&#038;z=16&#038;output=embed&#038;iwloc=near\"\n\t\t\t\t\ttitle=\"Hotel Grischuna Bivio\"\n\t\t\t\t\taria-label=\"Hotel Grischuna Bivio\"\n\t\t\t><\/iframe>\n\t\t<\/div>\n\t\t\t\t\t\t<\/div>\n\t\t\t\t<\/div>\n\t\t\t\t<div class=\"elementor-element elementor-element-4ef27e4 elementor-widget elementor-widget-heading\" data-id=\"4ef27e4\" data-element_type=\"widget\" data-e-type=\"widget\" data-widget_type=\"heading.default\">\n\t\t\t\t<div class=\"elementor-widget-container\">\n\t\t\t\t\t<h3 class=\"elementor-heading-title elementor-size-default\">COMMENT NOUS REJOINDRE<\/h3>\t\t\t\t<\/div>\n\t\t\t\t<\/div>\n\t\t\t\t<div class=\"elementor-element elementor-element-0f80c35 elementor-widget elementor-widget-text-editor\" data-id=\"0f80c35\" data-element_type=\"widget\" data-e-type=\"widget\" data-widget_type=\"text-editor.default\">\n\t\t\t\t<div class=\"elementor-widget-container\">\n\t\t\t\t\t\t\t\t\t<p>Vous trouverez ici quelques moyens de nous rejoindre.<\/p><p><strong>TRAIN<\/strong><br>Vous trouverez ici quelques moyens de nous rejoindre. Les Chemins de fer f\u00e9d\u00e9raux (CFF) vous transportent en Suisse jusqu\u2019\u00e0 Coire, puis les Chemins de fer rh\u00e9tiques (Rh\u00e4tische Bahn) jusqu\u2019\u00e0 Tiefencastel. De l\u00e0, vous prenez le car postal (bus) jusqu\u2019\u00e0 Savognin, respectivement Bivio.<\/p><p><a title=\"https:\/\/www.sbb.ch\/fr\" href=\"http:\/\/www.sbb.ch\/fr\">https:\/\/www.sbb.ch\/fr<\/a><\/p><p><strong>VOITURE<\/strong><br>\n  <b>Arriv\u00e9e de l\u2019Allemagne<\/b>\n  <br>\u2022 Munich \u2013 Lac de Constance \u2013 Coire \u2013 Thusis \u2013 Tiefencastel (direction St. Moritz) \u2013 Bivio (340 km)<br>\u2022 B\u00e2le \u2013 Coire \u2013 Thusis \u2013 Tiefencastel (direction St. Moritz) \u2013 Bivio (260 km)\n<\/p><p><b>Arriv\u00e9e de l&rsquo;Italie<\/b> <br>\u2022 Milano \u2013 Lugano \u2013 San Bernadino \u2013 Thusis \u2013 Tiefencastel (direction St. Moritz) \u2013 Bivio (260 km)<br>\u2022 San Bernardino \u2013 Thusis \u2013 Tiefencastel (direction St. Moritz) \u2013 Bivio (109 km)<br>\u2022 Tirano \u2013 St. Moritz \u2013 Julier Pass \u2013 Bivio (72 km)<\/p><p><b>Arriv\u00e9e de l&rsquo;Autriche<\/b><br>\u2022 Feldkirch \u2013 Coire \u2013 Thusis \u2013 Tiefencastel (direction St. Moritz) Bivio (120 km)<\/p><p><strong>AVION<\/strong><br>Depuis l&rsquo;Engadin Airport, vous avez des liaisons a\u00e9riennes avec les a\u00e9roports internationaux de Zurich, Gen\u00e8ve, B\u00e2le, Milan et Munich.<br><a href=\"http:\/\/www.engadin-airport.ch\/en\">Plus d&rsquo;informations sur l&rsquo;Engadin Airport<\/a><\/p>\t\t\t\t\t\t\t\t<\/div>\n\t\t\t\t<\/div>\n\t\t\t\t<\/div>\n\t\t\t\t\t<\/div>\n\t\t\t\t<\/div>\n\t\t\t\t<\/div>\n\t\t","protected":false},"excerpt":{"rendered":"<p>Contact.H\u00f4tel Grischuna. H\u00f4tel Grischuna Bivio Contact H\u00f4tel GrischunaJulierstrasse 78 \u2013 CH-7457 BivioT. +41 (0) 81 659 12 12 \u2013 F. [&hellip;]<\/p>\n","protected":false},"author":1,"featured_media":0,"parent":0,"menu_order":0,"comment_status":"closed","ping_status":"closed","template":"","meta":{"inline_featured_image":false,"site-sidebar-layout":"no-sidebar","site-content-layout":"","ast-site-content-layout":"full-width-container","site-content-style":"default","site-sidebar-style":"default","ast-global-header-display":"","ast-banner-title-visibility":"","ast-main-header-display":"","ast-hfb-above-header-display":"","ast-hfb-below-header-display":"","ast-hfb-mobile-header-display":"","site-post-title":"disabled","ast-breadcrumbs-content":"","ast-featured-img":"disabled","footer-sml-layout":"","ast-disable-related-posts":"","theme-transparent-header-meta":"","adv-header-id-meta":"","stick-header-meta":"","header-above-stick-meta":"","header-main-stick-meta":"","header-below-stick-meta":"","astra-migrate-meta-layouts":"default","ast-page-background-enabled":"default","ast-page-background-meta":{"desktop":{"background-color":"var(--ast-global-color-4)","background-image":"","background-repeat":"repeat","background-position":"center center","background-size":"auto","background-attachment":"scroll","background-type":"","background-media":"","overlay-type":"","overlay-color":"","overlay-opacity":"","overlay-gradient":""},"tablet":{"background-color":"","background-image":"","background-repeat":"repeat","background-position":"center center","background-size":"auto","background-attachment":"scroll","background-type":"","background-media":"","overlay-type":"","overlay-color":"","overlay-opacity":"","overlay-gradient":""},"mobile":{"background-color":"","background-image":"","background-repeat":"repeat","background-position":"center center","background-size":"auto","background-attachment":"scroll","background-type":"","background-media":"","overlay-type":"","overlay-color":"","overlay-opacity":"","overlay-gradient":""}},"ast-content-background-meta":{"desktop":{"background-color":"var(--ast-global-color-5)","background-image":"","background-repeat":"repeat","background-position":"center center","background-size":"auto","background-attachment":"scroll","background-type":"","background-media":"","overlay-type":"","overlay-color":"","overlay-opacity":"","overlay-gradient":""},"tablet":{"background-color":"var(--ast-global-color-5)","background-image":"","background-repeat":"repeat","background-position":"center center","background-size":"auto","background-attachment":"scroll","background-type":"","background-media":"","overlay-type":"","overlay-color":"","overlay-opacity":"","overlay-gradient":""},"mobile":{"background-color":"var(--ast-global-color-5)","background-image":"","background-repeat":"repeat","background-position":"center center","background-size":"auto","background-attachment":"scroll","background-type":"","background-media":"","overlay-type":"","overlay-color":"","overlay-opacity":"","overlay-gradient":""}},"footnotes":""},"class_list":["post-2637","page","type-page","status-publish","hentry"],"_links":{"self":[{"href":"https:\/\/hotel-grischuna.ch\/fr\/wp-json\/wp\/v2\/pages\/2637","targetHints":{"allow":["GET"]}}],"collection":[{"href":"https:\/\/hotel-grischuna.ch\/fr\/wp-json\/wp\/v2\/pages"}],"about":[{"href":"https:\/\/hotel-grischuna.ch\/fr\/wp-json\/wp\/v2\/types\/page"}],"author":[{"embeddable":true,"href":"https:\/\/hotel-grischuna.ch\/fr\/wp-json\/wp\/v2\/users\/1"}],"replies":[{"embeddable":true,"href":"https:\/\/hotel-grischuna.ch\/fr\/wp-json\/wp\/v2\/comments?post=2637"}],"version-history":[{"count":10,"href":"https:\/\/hotel-grischuna.ch\/fr\/wp-json\/wp\/v2\/pages\/2637\/revisions"}],"predecessor-version":[{"id":8524,"href":"https:\/\/hotel-grischuna.ch\/fr\/wp-json\/wp\/v2\/pages\/2637\/revisions\/8524"}],"wp:attachment":[{"href":"https:\/\/hotel-grischuna.ch\/fr\/wp-json\/wp\/v2\/media?parent=2637"}],"curies":[{"name":"wp","href":"https:\/\/api.w.org\/{rel}","templated":true}]}}